{"id":10,"date":"2021-08-26T12:22:48","date_gmt":"2021-08-26T12:22:48","guid":{"rendered":"https:\/\/sd-hausmeisterservice.de\/?page_id=7"},"modified":"2021-08-26T12:22:48","modified_gmt":"2021-08-26T12:22:48","slug":"create-your-website-with-blocks","status":"publish","type":"page","link":"https:\/\/sd.sd-hausmeisterservice.de\/?page_id=10","title":{"rendered":"Willkommen beim SD-Hausmeisterservice"},"content":{"rendered":"\t\t<div data-elementor-type=\"wp-page\" data-elementor-id=\"10\" class=\"elementor elementor-10\">\n\t\t\t\t\t\t<section class=\"elementor-section elementor-top-section elementor-element elementor-element-750433e elementor-section-boxed elementor-section-height-default elementor-section-height-default\" data-id=\"750433e\" data-element_type=\"section\" data-e-type=\"section\">\n\t\t\t\t\t\t<div class=\"elementor-container elementor-column-gap-default\">\n\t\t\t\t\t<div class=\"elementor-column elementor-col-100 elementor-top-column elementor-element elementor-element-fab2417\" data-id=\"fab2417\" data-element_type=\"column\" data-e-type=\"column\">\n\t\t\t<div class=\"elementor-widget-wrap elementor-element-populated\">\n\t\t\t\t\t\t<div class=\"elementor-element elementor-element-08dc017 elementor-widget elementor-widget-text-editor\" data-id=\"08dc017\" data-element_type=\"widget\" data-e-type=\"widget\" data-widget_type=\"text-editor.default\">\n\t\t\t\t\t\t\t\t\t<h5 style=\"text-align: center;\">Wir bieten Ihnen den Service, den Sie bei anderen vermissen.<\/h5><p>Unsere Serviceleistungen erstrecken sich rund um das Haus. Durch unser breites Leistungsspektrum k\u00f6nnen wir Ihnen so ziemlich alles an Arbeit abnehmen was Ihnen M\u00fche macht oder wof\u00fcr sie keine Zeit haben.<\/p><p>Unsere Priorit\u00e4t ist es einen zufriedenen Kunden bei unserer Arbeit begr\u00fc\u00dfen zu k\u00f6nnen. Wenn auch Sie einer unserer Zahlreichen Kunden werden m\u00f6chten setzen Sie sich einfach mit uns in Verbindung.<\/p><p>Ich werde mich Pers\u00f6nlich Telefonisch mit Ihnen in verbindung setzen und Sie mit den n\u00f6tigen Informationen versorgen oder ein unverbindliches Gespr\u00e4ch vor Ort mit Ihnen Vereinbaren.<\/p>\t\t\t\t\t\t\t\t<\/div>\n\t\t\t\t\t<\/div>\n\t\t<\/div>\n\t\t\t\t\t<\/div>\n\t\t<\/section>\n\t\t\t\t<section class=\"elementor-section elementor-top-section elementor-element elementor-element-375cb1e elementor-section-boxed elementor-section-height-default elementor-section-height-default\" data-id=\"375cb1e\" data-element_type=\"section\" data-e-type=\"section\">\n\t\t\t\t\t\t<div class=\"elementor-container elementor-column-gap-default\">\n\t\t\t\t\t<div class=\"elementor-column elementor-col-100 elementor-top-column elementor-element elementor-element-fb05395\" data-id=\"fb05395\" data-element_type=\"column\" data-e-type=\"column\">\n\t\t\t<div class=\"elementor-widget-wrap elementor-element-populated\">\n\t\t\t\t\t\t<div class=\"elementor-element elementor-element-32f9274 elementor-widget elementor-widget-html\" data-id=\"32f9274\" data-element_type=\"widget\" data-e-type=\"widget\" data-widget_type=\"html.default\">\n\t\t\t\t\t\n<!-- START ADVERTISER: Ecoservice24 DE from awin.com -->\n\n<a rel=\"sponsored\" href=\"https:\/\/www.awin1.com\/cread.php?s=3002719&v=23237&q=424518&r=1040345\">\n    <img decoding=\"async\" src=\"https:\/\/www.awin1.com\/cshow.php?s=3002719&v=23237&q=424518&r=1040345\" border=\"0\">\n<\/a>\n\n<!-- END ADVERTISER: Ecoservice24 DE from awin.com -->\n\t\t\t\t<\/div>\n\t\t\t\t\t<\/div>\n\t\t<\/div>\n\t\t\t\t\t<\/div>\n\t\t<\/section>\n\t\t\t\t<section class=\"elementor-section elementor-top-section elementor-element elementor-element-5168946 elementor-section-boxed elementor-section-height-default elementor-section-height-default\" data-id=\"5168946\" data-element_type=\"section\" data-e-type=\"section\">\n\t\t\t\t\t\t<div class=\"elementor-container elementor-column-gap-default\">\n\t\t\t\t\t<div class=\"elementor-column elementor-col-100 elementor-top-column elementor-element elementor-element-46a062e\" data-id=\"46a062e\" data-element_type=\"column\" data-e-type=\"column\">\n\t\t\t<div class=\"elementor-widget-wrap\">\n\t\t\t\t\t\t\t<\/div>\n\t\t<\/div>\n\t\t\t\t\t<\/div>\n\t\t<\/section>\n\t\t\t\t<section class=\"elementor-section elementor-top-section elementor-element elementor-element-c7491eb elementor-section-boxed elementor-section-height-default elementor-section-height-default\" data-id=\"c7491eb\" data-element_type=\"section\" data-e-type=\"section\">\n\t\t\t\t\t\t<div class=\"elementor-container elementor-column-gap-default\">\n\t\t\t\t\t<div class=\"elementor-column elementor-col-50 elementor-top-column elementor-element elementor-element-ccc0438\" data-id=\"ccc0438\" data-element_type=\"column\" data-e-type=\"column\">\n\t\t\t<div class=\"elementor-widget-wrap elementor-element-populated\">\n\t\t\t\t\t\t<div class=\"elementor-element elementor-element-e2aa962 elementor-widget elementor-widget-html\" data-id=\"e2aa962\" data-element_type=\"widget\" data-e-type=\"widget\" data-widget_type=\"html.default\">\n\t\t\t\t\t<div id=\"wcom-1cec240e71e086f27657fb1e0fa045f6\" class=\"wcom-default w300x250\" style=\"border: 1px solid #CCC; background-color: #FCFCFC; border-radius: 5px\"><link rel=\"stylesheet\" href=\"\/\/cs3.wettercomassets.com\/woys\/5\/css\/w.css\" media=\"all\"><div class=\"wcom-city\"><a style=\"color: #000\" href=\"https:\/\/www.wetter.com\/deutschland\/weilerbach\/DE0011329.html\" target=\"_blank\" rel=\"nofollow\" aria-label=\"Wetter Berlin\" title=\"Wetter Weilerbach\">Wetter Weilerbach<\/a><\/div><div id=\"wcom-1cec240e71e086f27657fb1e0fa045f6-weather\"><\/div><script type=\"text\/javascript\" src=\"\/\/cs3.wettercomassets.com\/woys\/5\/js\/w.js\"><\/script><script type=\"text\/javascript\">_wcomWidget({id: 'wcom-1cec240e71e086f27657fb1e0fa045f6',location: 'DE0011329',format: '300x250',type: 'summary'});<\/script><\/div>\t\t\t\t<\/div>\n\t\t\t\t\t<\/div>\n\t\t<\/div>\n\t\t\t\t<div class=\"elementor-column elementor-col-50 elementor-top-column elementor-element elementor-element-1bf8177\" data-id=\"1bf8177\" data-element_type=\"column\" data-e-type=\"column\">\n\t\t\t<div class=\"elementor-widget-wrap elementor-element-populated\">\n\t\t\t\t\t\t<div class=\"elementor-element elementor-element-2b5912a elementor-widget elementor-widget-html\" data-id=\"2b5912a\" data-element_type=\"widget\" data-e-type=\"widget\" data-widget_type=\"html.default\">\n\t\t\t\t\t<a href=\"https:\/\/t.adcell.com\/p\/click?encodingId=3159f36b86b2dd567c343dc1d19beec9\" target=\"_blank\" >\n    <img fetchpriority=\"high\" decoding=\"async\" src=\"https:\/\/t.adcell.com\/p\/image?encodingId=3159f36b86b2dd567c343dc1d19beec9\" width=\"336\" height=\"280\" border=\"0\" alt=\"Rauchmelder\" \/>\n<\/a>\t\t\t\t<\/div>\n\t\t\t\t\t<\/div>\n\t\t<\/div>\n\t\t\t\t\t<\/div>\n\t\t<\/section>\n\t\t\t\t<section class=\"elementor-section elementor-top-section elementor-element elementor-element-acf9b3b elementor-section-boxed elementor-section-height-default elementor-section-height-default\" data-id=\"acf9b3b\" data-element_type=\"section\" data-e-type=\"section\">\n\t\t\t\t\t\t<div class=\"elementor-container elementor-column-gap-default\">\n\t\t\t\t\t<div class=\"elementor-column elementor-col-100 elementor-top-column elementor-element elementor-element-ffbf037\" data-id=\"ffbf037\" data-element_type=\"column\" data-e-type=\"column\">\n\t\t\t<div class=\"elementor-widget-wrap elementor-element-populated\">\n\t\t\t\t\t\t<div class=\"elementor-element elementor-element-1b15272 elementor-widget elementor-widget-wp-widget-rss\" data-id=\"1b15272\" data-element_type=\"widget\" data-e-type=\"widget\" data-widget_type=\"wp-widget-rss.default\">\n\t\t\t\t<div class=\"elementor-widget-container\">\n\t\t\t\t\t<h5><a class=\"rsswidget rss-widget-feed\" href=\"https:\/\/www.bbk.bund.de\/DE\/Infothek\/Unsere-Meldungen\/RSSNewsfeed\/_functions\/rssnewsfeed-bbk.xml?nn=20130\"><img decoding=\"async\" class=\"rss-widget-icon\" style=\"border:0\" width=\"14\" height=\"14\" src=\"https:\/\/sd.sd-hausmeisterservice.de\/wp-includes\/images\/rss.png\" alt=\"RSS\" \/><\/a> <a class=\"rsswidget rss-widget-title\" href=\"https:\/\/www.bbk.bund.de\/\">BBK RSS-Newsfeed<\/a><\/h5><ul><li><a class='rsswidget' href='https:\/\/www.bbk.bund.de\/DE\/Infothek\/BBK-fuer-Kinder\/Aktionsstunde-Stromausfall\/Teilnahmebedingungen-AKS\/teilnahmebedingungen-aks.html'>Aktionsstunde Stromausfall: Teilnahmebedingungen der Verlosung<\/a><\/li><li><a class='rsswidget' href='https:\/\/www.bbk.bund.de\/DE\/Themen\/Gesundheitlicher-Bevoelkerungsschutz\/Sanitaetsmaterialbevorratung\/sanitaetsmaterialbevorratung.html'>Sanit\u00e4tsmaterial\u00adbevorratung des Bundes<\/a><\/li><li><a class='rsswidget' href='https:\/\/www.bbk.bund.de\/SharedDocs\/Pressemitteilungen\/DE\/2026\/05\/pm-08-symposium-hilfe-fuer-helfer.html'>Zivilschutz im Fokus des Symposiums - Hilfe f\u00fcr Helferinnen und Helfer<\/a><\/li><li><a class='rsswidget' href='https:\/\/www.bbk.bund.de\/SharedDocs\/Pressemitteilungen\/DE\/2026\/05\/pm-04-fahrzeuguebergabe-bm.html'>Bundesinnenminister Alexander Dobrindt \u00fcbergibt 20 Zivilschutzfahrzeuge - Neue Mannschaftstransportwagen zur \u201eF\u00fchrung Dekontamination Verletzter\u201c gehen in Dienst<\/a><\/li><li><a class='rsswidget' href='https:\/\/www.bbk.bund.de\/DE\/Themen\/Risikomanagement\/Baulicher-Bevoelkerungsschutz\/Schutz-vor-Waffenwirkungen\/Sprengstoffe\/Sprengstoffe.html'>Waffenwirkung: \nSprengstoffe<\/a><\/li><li><a class='rsswidget' href='https:\/\/www.bbk.bund.de\/SharedDocs\/Pressemitteilungen\/DE\/2026\/04\/pm-28-heha-lebenserfahrung.html'>Bundesinnenministerium: Lebenserfahrung f\u00fcr den Bev\u00f6lkerungsschutz aktivieren<\/a><\/li><li><a class='rsswidget' href='https:\/\/www.bbk.bund.de\/SharedDocs\/Pressemitteilungen\/DE\/2026\/04\/pm-24-buwata25-umfrage-ergebnisse.html'>Der Bundesweite Warntag wirkt und gewinnt weiter an Zustimmung<\/a><\/li><li><a class='rsswidget' href='https:\/\/www.bbk.bund.de\/SharedDocs\/Pressemitteilungen\/DE\/2026\/04\/pm-22-fachkongress.html'>\u201eForschung f\u00fcr den Bev\u00f6lkerungsschutz\u201c: Dritter BBK-Fachkongress im Januar 2027<\/a><\/li><li><a class='rsswidget' href='https:\/\/www.bbk.bund.de\/DE\/Warnung-Vorsorge\/Bundesweiter-Warntag\/Umfrageergebnisse-buwata\/umfrageergebnisse-buwata.html'>Auswertung: Umfrage zum Bundesweiten Warntag 2025<\/a><\/li><li><a class='rsswidget' href='https:\/\/www.bbk.bund.de\/DE\/Service\/Gebaerdensprache\/DGS-Videos-Ratgeber\/So-koennen-vorbereiten\/Vorsorge-Menschen-mit-Beeintraechtigung\/vorsorge-menschen-mit-beeintraechtigung.html'>Vorsorge f\u00fcr Menschen mit Beeintr\u00e4chtigungen<\/a><\/li><\/ul>\t\t\t\t<\/div>\n\t\t\t\t<\/div>\n\t\t\t\t\t<\/div>\n\t\t<\/div>\n\t\t\t\t\t<\/div>\n\t\t<\/section>\n\t\t\t\t<\/div>\n\t\t","protected":false},"excerpt":{"rendered":"<p>Wir bieten Ihnen den Service, den Sie bei anderen vermissen. Unsere Serviceleistungen erstrecken sich rund um das Haus. Durch unser breites Leistungsspektrum k\u00f6nnen wir Ihnen so ziemlich alles an Arbeit abnehmen was Ihnen M\u00fche macht oder wof\u00fcr sie keine Zeit haben. Unsere Priorit\u00e4t ist es einen zufriedenen Kunden bei unserer Arbeit begr\u00fc\u00dfen zu k\u00f6nnen. Wenn [&hellip;]<\/p>\n","protected":false},"author":2,"featured_media":0,"parent":0,"menu_order":0,"comment_status":"closed","ping_status":"closed","template":"","meta":{"footnotes":""},"class_list":["post-10","page","type-page","status-publish","hentry"],"_links":{"self":[{"href":"https:\/\/sd.sd-hausmeisterservice.de\/index.php?rest_route=\/wp\/v2\/pages\/10","targetHints":{"allow":["GET"]}}],"collection":[{"href":"https:\/\/sd.sd-hausmeisterservice.de\/index.php?rest_route=\/wp\/v2\/pages"}],"about":[{"href":"https:\/\/sd.sd-hausmeisterservice.de\/index.php?rest_route=\/wp\/v2\/types\/page"}],"author":[{"embeddable":true,"href":"https:\/\/sd.sd-hausmeisterservice.de\/index.php?rest_route=\/wp\/v2\/users\/2"}],"replies":[{"embeddable":true,"href":"https:\/\/sd.sd-hausmeisterservice.de\/index.php?rest_route=%2Fwp%2Fv2%2Fcomments&post=10"}],"version-history":[{"count":0,"href":"https:\/\/sd.sd-hausmeisterservice.de\/index.php?rest_route=\/wp\/v2\/pages\/10\/revisions"}],"wp:attachment":[{"href":"https:\/\/sd.sd-hausmeisterservice.de\/index.php?rest_route=%2Fwp%2Fv2%2Fmedia&parent=10"}],"curies":[{"name":"wp","href":"https:\/\/api.w.org\/{rel}","templated":true}]}}