{"id":11,"date":"2021-08-26T12:22:48","date_gmt":"2021-08-26T12:22:48","guid":{"rendered":"https:\/\/sd-hausmeisterservice.de\/?page_id=8"},"modified":"2021-08-26T12:22:48","modified_gmt":"2021-08-26T12:22:48","slug":"ueber-uns","status":"publish","type":"page","link":"https:\/\/sd.sd-hausmeisterservice.de\/?page_id=11","title":{"rendered":"\u00dcber uns"},"content":{"rendered":"\t\t<div data-elementor-type=\"wp-page\" data-elementor-id=\"11\" class=\"elementor elementor-11\">\n\t\t\t\t\t\t<section class=\"elementor-section elementor-top-section elementor-element elementor-element-d3295e2 elementor-section-boxed elementor-section-height-default elementor-section-height-default\" data-id=\"d3295e2\" data-element_type=\"section\" data-e-type=\"section\">\n\t\t\t\t\t\t<div class=\"elementor-container elementor-column-gap-default\">\n\t\t\t\t\t<div class=\"elementor-column elementor-col-100 elementor-top-column elementor-element elementor-element-1407500\" data-id=\"1407500\" data-element_type=\"column\" data-e-type=\"column\">\n\t\t\t<div class=\"elementor-widget-wrap elementor-element-populated\">\n\t\t\t\t\t\t<div class=\"elementor-element elementor-element-60016f9 elementor-widget elementor-widget-text-editor\" data-id=\"60016f9\" data-element_type=\"widget\" data-e-type=\"widget\" data-widget_type=\"text-editor.default\">\n\t\t\t\t\t\t\t\t\t<p><strong>Wir bieten Ihnen den Service, den Sie bei anderen vermissen.<\/strong><\/p>\n<p>Unsere Serviceleistungen erstrecken sich rund um das Haus. Durch unser breites Leistugsspektrum k\u00f6nnen wir Ihnen so ziemlich alles an Arbeit abnehmen was Ihnen M\u00fche macht oder wof\u00fcr sie keine Zeit haben.<\/p>\n<p>Unsere Priorit\u00e4t ist es einen zufriedenen Kunden bei unserer Arbeit begr\u00fc\u00dfen zu k\u00f6nnen. Wenn auch Sie einer unserer Zahlreichen Kunden werden m\u00f6chten setzen Sie sich einfach mit uns in Verbindung.<\/p>\n<p>Ich werde mich Pers\u00f6nlich\u00a0 Telefonischmit Ihnen in verbindung setzen und Sie mit den n\u00f6tigen Informationen versorgen oder ein unverbindliches\u00a0 Gespr\u00e4ch vor Ort mit Ihnen vereinbaren.<\/p>\n<p>\u00a0<\/p>\t\t\t\t\t\t\t\t<\/div>\n\t\t\t\t\t<\/div>\n\t\t<\/div>\n\t\t\t\t\t<\/div>\n\t\t<\/section>\n\t\t\t\t<\/div>\n\t\t","protected":false},"excerpt":{"rendered":"<p>Wir bieten Ihnen den Service, den Sie bei anderen vermissen. Unsere Serviceleistungen erstrecken sich rund um das Haus. Durch unser breites Leistugsspektrum k\u00f6nnen wir Ihnen so ziemlich alles an Arbeit abnehmen was Ihnen M\u00fche macht oder wof\u00fcr sie keine Zeit haben. Unsere Priorit\u00e4t ist es einen zufriedenen Kunden bei unserer Arbeit begr\u00fc\u00dfen zu k\u00f6nnen. Wenn [&hellip;]<\/p>\n","protected":false},"author":2,"featured_media":0,"parent":0,"menu_order":0,"comment_status":"closed","ping_status":"closed","template":"","meta":{"footnotes":""},"class_list":["post-11","page","type-page","status-publish","hentry"],"_links":{"self":[{"href":"https:\/\/sd.sd-hausmeisterservice.de\/index.php?rest_route=\/wp\/v2\/pages\/11","targetHints":{"allow":["GET"]}}],"collection":[{"href":"https:\/\/sd.sd-hausmeisterservice.de\/index.php?rest_route=\/wp\/v2\/pages"}],"about":[{"href":"https:\/\/sd.sd-hausmeisterservice.de\/index.php?rest_route=\/wp\/v2\/types\/page"}],"author":[{"embeddable":true,"href":"https:\/\/sd.sd-hausmeisterservice.de\/index.php?rest_route=\/wp\/v2\/users\/2"}],"replies":[{"embeddable":true,"href":"https:\/\/sd.sd-hausmeisterservice.de\/index.php?rest_route=%2Fwp%2Fv2%2Fcomments&post=11"}],"version-history":[{"count":0,"href":"https:\/\/sd.sd-hausmeisterservice.de\/index.php?rest_route=\/wp\/v2\/pages\/11\/revisions"}],"wp:attachment":[{"href":"https:\/\/sd.sd-hausmeisterservice.de\/index.php?rest_route=%2Fwp%2Fv2%2Fmedia&parent=11"}],"curies":[{"name":"wp","href":"https:\/\/api.w.org\/{rel}","templated":true}]}}