{"id":1211,"date":"2025-01-05T14:56:47","date_gmt":"2025-01-05T14:56:47","guid":{"rendered":"https:\/\/sd-hausmeisterservice.de\/?page_id=1211"},"modified":"2025-01-05T14:56:47","modified_gmt":"2025-01-05T14:56:47","slug":"tarif-vergleich","status":"publish","type":"page","link":"https:\/\/sd.sd-hausmeisterservice.de\/?page_id=1211","title":{"rendered":"Tarif Vergleich*"},"content":{"rendered":"\t\t<div data-elementor-type=\"wp-page\" data-elementor-id=\"1211\" class=\"elementor elementor-1211\">\n\t\t\t\t\t\t<section class=\"elementor-section elementor-top-section elementor-element elementor-element-92514f1 elementor-section-boxed elementor-section-height-default elementor-section-height-default\" data-id=\"92514f1\" data-element_type=\"section\" data-e-type=\"section\">\n\t\t\t\t\t\t<div class=\"elementor-container elementor-column-gap-default\">\n\t\t\t\t\t<div class=\"elementor-column elementor-col-100 elementor-top-column elementor-element elementor-element-a145821\" data-id=\"a145821\" data-element_type=\"column\" data-e-type=\"column\">\n\t\t\t<div class=\"elementor-widget-wrap elementor-element-populated\">\n\t\t\t\t\t\t<div class=\"elementor-element elementor-element-ce63c08 elementor-widget elementor-widget-text-editor\" data-id=\"ce63c08\" data-element_type=\"widget\" data-e-type=\"widget\" data-widget_type=\"text-editor.default\">\n\t\t\t\t\t\t\t\t\t<p>Mit einem * gekennzeichnete Links bedeuten, dass wir eine Provision erhalten, wenn eine Buchung oder eine bestimmte Aktion \u00fcber den verlinkten Anbieter erfolgt. Es entstehen keine zus\u00e4tzlichen Kosten f\u00fcr Sie. Au\u00dferdem erhalten wir kein Geld nur durch das Setzen von Links.<\/p>\t\t\t\t\t\t\t\t<\/div>\n\t\t\t\t\t<\/div>\n\t\t<\/div>\n\t\t\t\t\t<\/div>\n\t\t<\/section>\n\t\t\t\t<section class=\"elementor-section elementor-top-section elementor-element elementor-element-974a871 elementor-section-boxed elementor-section-height-default elementor-section-height-default\" data-id=\"974a871\" data-element_type=\"section\" data-e-type=\"section\">\n\t\t\t\t\t\t<div class=\"elementor-container elementor-column-gap-default\">\n\t\t\t\t\t<div class=\"elementor-column elementor-col-50 elementor-top-column elementor-element elementor-element-608c7ec\" data-id=\"608c7ec\" data-element_type=\"column\" data-e-type=\"column\">\n\t\t\t<div class=\"elementor-widget-wrap elementor-element-populated\">\n\t\t\t\t\t\t<div class=\"elementor-element elementor-element-e1dae5b elementor-widget elementor-widget-html\" data-id=\"e1dae5b\" data-element_type=\"widget\" data-e-type=\"widget\" data-widget_type=\"html.default\">\n\t\t\t\t\t\n<!-- START ADVERTISER: CHECK24 Partnerprogramm from awin.com -->\n\n<a rel=\"sponsored\" href=\"https:\/\/www.awin1.com\/cread.php?s=2126247&v=9364&q=332965&r=1040345\">\n    <img decoding=\"async\" src=\"https:\/\/www.awin1.com\/cshow.php?s=2126247&v=9364&q=332965&r=1040345\" border=\"0\">\n<\/a>\n\n<!-- END ADVERTISER: CHECK24 Partnerprogramm from awin.com -->\n\t\t\t\t<\/div>\n\t\t\t\t<div class=\"elementor-element elementor-element-89a3f49 elementor-widget elementor-widget-html\" data-id=\"89a3f49\" data-element_type=\"widget\" data-e-type=\"widget\" data-widget_type=\"html.default\">\n\t\t\t\t\t\n<!-- START ADVERTISER: CHECK24 Partnerprogramm from awin.com -->\n\n<a rel=\"sponsored\" href=\"https:\/\/www.awin1.com\/cread.php?s=2126237&v=9364&q=332963&r=1040345\">\n    <img decoding=\"async\" src=\"https:\/\/www.awin1.com\/cshow.php?s=2126237&v=9364&q=332963&r=1040345\" border=\"0\">\n<\/a>\n\n<!-- END ADVERTISER: CHECK24 Partnerprogramm from awin.com -->\n\t\t\t\t<\/div>\n\t\t\t\t\t<\/div>\n\t\t<\/div>\n\t\t\t\t<div class=\"elementor-column elementor-col-50 elementor-top-column elementor-element elementor-element-7f36e09\" data-id=\"7f36e09\" data-element_type=\"column\" data-e-type=\"column\">\n\t\t\t<div class=\"elementor-widget-wrap elementor-element-populated\">\n\t\t\t\t\t\t<div class=\"elementor-element elementor-element-870c701 elementor-widget elementor-widget-html\" data-id=\"870c701\" data-element_type=\"widget\" data-e-type=\"widget\" data-widget_type=\"html.default\">\n\t\t\t\t\t\n<!-- START ADVERTISER: CHECK24 Partnerprogramm from awin.com -->\n\n<a rel=\"sponsored\" href=\"https:\/\/www.awin1.com\/cread.php?s=2126230&v=9364&q=332957&r=1040345\">\n    <img decoding=\"async\" src=\"https:\/\/www.awin1.com\/cshow.php?s=2126230&v=9364&q=332957&r=1040345\" border=\"0\">\n<\/a>\n\n<!-- END ADVERTISER: CHECK24 Partnerprogramm from awin.com -->\n\t\t\t\t<\/div>\n\t\t\t\t<div class=\"elementor-element elementor-element-72baa1e elementor-widget elementor-widget-html\" data-id=\"72baa1e\" data-element_type=\"widget\" data-e-type=\"widget\" data-widget_type=\"html.default\">\n\t\t\t\t\t\n<!-- START ADVERTISER: CHECK24 Partnerprogramm from awin.com -->\n\n<a rel=\"sponsored\" href=\"https:\/\/www.awin1.com\/cread.php?s=2126226&v=9364&q=332955&r=1040345\">\n    <img decoding=\"async\" src=\"https:\/\/www.awin1.com\/cshow.php?s=2126226&v=9364&q=332955&r=1040345\" border=\"0\">\n<\/a>\n\n<!-- END ADVERTISER: CHECK24 Partnerprogramm from awin.com -->\n\t\t\t\t<\/div>\n\t\t\t\t\t<\/div>\n\t\t<\/div>\n\t\t\t\t\t<\/div>\n\t\t<\/section>\n\t\t\t\t<section class=\"elementor-section elementor-top-section elementor-element elementor-element-de6c078 elementor-section-boxed elementor-section-height-default elementor-section-height-default\" data-id=\"de6c078\" data-element_type=\"section\" data-e-type=\"section\">\n\t\t\t\t\t\t<div class=\"elementor-container elementor-column-gap-default\">\n\t\t\t\t\t<div class=\"elementor-column elementor-col-50 elementor-top-column elementor-element elementor-element-82b010c\" data-id=\"82b010c\" data-element_type=\"column\" data-e-type=\"column\">\n\t\t\t<div class=\"elementor-widget-wrap elementor-element-populated\">\n\t\t\t\t\t\t<div class=\"elementor-element elementor-element-f69b376 elementor-widget elementor-widget-html\" data-id=\"f69b376\" data-element_type=\"widget\" data-e-type=\"widget\" data-widget_type=\"html.default\">\n\t\t\t\t\t\n<!-- START ADVERTISER: Tarifcheck.de from awin.com -->\n\n<a rel=\"sponsored\" href=\"https:\/\/www.awin1.com\/cread.php?s=2098483&v=11202&q=329696&r=1040345\">\n    <img decoding=\"async\" src=\"https:\/\/www.awin1.com\/cshow.php?s=2098483&v=11202&q=329696&r=1040345\" border=\"0\">\n<\/a>\n\n<!-- END ADVERTISER: Tarifcheck.de from awin.com -->\n\t\t\t\t<\/div>\n\t\t\t\t\t<\/div>\n\t\t<\/div>\n\t\t\t\t<div class=\"elementor-column elementor-col-50 elementor-top-column elementor-element elementor-element-c3cfb2b\" data-id=\"c3cfb2b\" data-element_type=\"column\" data-e-type=\"column\">\n\t\t\t<div class=\"elementor-widget-wrap elementor-element-populated\">\n\t\t\t\t\t\t<div class=\"elementor-element elementor-element-efd7975 elementor-widget elementor-widget-html\" data-id=\"efd7975\" data-element_type=\"widget\" data-e-type=\"widget\" data-widget_type=\"html.default\">\n\t\t\t\t\t\n<!-- START ADVERTISER: Tarifcheck.de from awin.com -->\n\n<a rel=\"sponsored\" href=\"https:\/\/www.awin1.com\/cread.php?s=2098474&v=11202&q=329687&r=1040345\">\n    <img decoding=\"async\" src=\"https:\/\/www.awin1.com\/cshow.php?s=2098474&v=11202&q=329687&r=1040345\" border=\"0\">\n<\/a>\n\n<!-- END ADVERTISER: Tarifcheck.de from awin.com -->\n\t\t\t\t<\/div>\n\t\t\t\t\t<\/div>\n\t\t<\/div>\n\t\t\t\t\t<\/div>\n\t\t<\/section>\n\t\t\t\t<section class=\"elementor-section elementor-top-section elementor-element elementor-element-566ef00 elementor-section-boxed elementor-section-height-default elementor-section-height-default\" data-id=\"566ef00\" data-element_type=\"section\" data-e-type=\"section\">\n\t\t\t\t\t\t<div class=\"elementor-container elementor-column-gap-default\">\n\t\t\t\t\t<div class=\"elementor-column elementor-col-50 elementor-top-column elementor-element elementor-element-04ac82e\" data-id=\"04ac82e\" data-element_type=\"column\" data-e-type=\"column\">\n\t\t\t<div class=\"elementor-widget-wrap elementor-element-populated\">\n\t\t\t\t\t\t<div class=\"elementor-element elementor-element-5f75c4d elementor-widget elementor-widget-html\" data-id=\"5f75c4d\" data-element_type=\"widget\" data-e-type=\"widget\" data-widget_type=\"html.default\">\n\t\t\t\t\t\n<!-- START ADVERTISER: Kautionskasse DE from awin.com -->\n\n<a rel=\"sponsored\" href=\"https:\/\/www.awin1.com\/cread.php?s=2052049&v=10963&q=323863&r=1040345\">\n    <img decoding=\"async\" src=\"https:\/\/www.awin1.com\/cshow.php?s=2052049&v=10963&q=323863&r=1040345\" border=\"0\">\n<\/a>\n\n<!-- END ADVERTISER: Kautionskasse DE from awin.com -->\n\t\t\t\t<\/div>\n\t\t\t\t\t<\/div>\n\t\t<\/div>\n\t\t\t\t<div class=\"elementor-column elementor-col-50 elementor-top-column elementor-element elementor-element-32bf6be\" data-id=\"32bf6be\" data-element_type=\"column\" data-e-type=\"column\">\n\t\t\t<div class=\"elementor-widget-wrap\">\n\t\t\t\t\t\t\t<\/div>\n\t\t<\/div>\n\t\t\t\t\t<\/div>\n\t\t<\/section>\n\t\t\t\t<\/div>\n\t\t","protected":false},"excerpt":{"rendered":"<p>Mit einem * gekennzeichnete Links bedeuten, dass wir eine Provision erhalten, wenn eine Buchung oder eine bestimmte Aktion \u00fcber den verlinkten Anbieter erfolgt. Es entstehen keine zus\u00e4tzlichen Kosten f\u00fcr Sie. Au\u00dferdem erhalten wir kein Geld nur durch das Setzen von Links.<\/p>\n","protected":false},"author":2,"featured_media":0,"parent":0,"menu_order":0,"comment_status":"closed","ping_status":"closed","template":"","meta":{"footnotes":""},"class_list":["post-1211","page","type-page","status-publish","hentry"],"_links":{"self":[{"href":"https:\/\/sd.sd-hausmeisterservice.de\/index.php?rest_route=\/wp\/v2\/pages\/1211","targetHints":{"allow":["GET"]}}],"collection":[{"href":"https:\/\/sd.sd-hausmeisterservice.de\/index.php?rest_route=\/wp\/v2\/pages"}],"about":[{"href":"https:\/\/sd.sd-hausmeisterservice.de\/index.php?rest_route=\/wp\/v2\/types\/page"}],"author":[{"embeddable":true,"href":"https:\/\/sd.sd-hausmeisterservice.de\/index.php?rest_route=\/wp\/v2\/users\/2"}],"replies":[{"embeddable":true,"href":"https:\/\/sd.sd-hausmeisterservice.de\/index.php?rest_route=%2Fwp%2Fv2%2Fcomments&post=1211"}],"version-history":[{"count":0,"href":"https:\/\/sd.sd-hausmeisterservice.de\/index.php?rest_route=\/wp\/v2\/pages\/1211\/revisions"}],"wp:attachment":[{"href":"https:\/\/sd.sd-hausmeisterservice.de\/index.php?rest_route=%2Fwp%2Fv2%2Fmedia&parent=1211"}],"curies":[{"name":"wp","href":"https:\/\/api.w.org\/{rel}","templated":true}]}}