{"id":73,"date":"2021-08-26T15:28:47","date_gmt":"2021-08-26T15:28:47","guid":{"rendered":"https:\/\/sd-hausmeisterservice.de\/?page_id=73"},"modified":"2021-08-26T15:28:47","modified_gmt":"2021-08-26T15:28:47","slug":"service","status":"publish","type":"page","link":"https:\/\/sd.sd-hausmeisterservice.de\/?page_id=73","title":{"rendered":"Service"},"content":{"rendered":"\t\t<div data-elementor-type=\"wp-page\" data-elementor-id=\"73\" class=\"elementor elementor-73\">\n\t\t\t\t\t\t<section class=\"elementor-section elementor-top-section elementor-element elementor-element-f380cf2 elementor-section-boxed elementor-section-height-default elementor-section-height-default\" data-id=\"f380cf2\" data-element_type=\"section\" data-e-type=\"section\">\n\t\t\t\t\t\t<div class=\"elementor-container elementor-column-gap-default\">\n\t\t\t\t\t<div class=\"elementor-column elementor-col-100 elementor-top-column elementor-element elementor-element-6503657\" data-id=\"6503657\" data-element_type=\"column\" data-e-type=\"column\">\n\t\t\t<div class=\"elementor-widget-wrap elementor-element-populated\">\n\t\t\t\t\t\t<div class=\"elementor-element elementor-element-e86bc18 elementor-widget elementor-widget-text-editor\" data-id=\"e86bc18\" data-element_type=\"widget\" data-e-type=\"widget\" data-widget_type=\"text-editor.default\">\n\t\t\t\t\t\t\t\t\t<p><strong>Als SD-Hausmeisterservice kontrollieren wir alle technischen Anlagen und leiten notwendige Informationen an Eigent\u00fcmer und Hausverwalter weiter. Kleine M\u00e4ngel an Haust\u00fcranlagen und Beleuchtung werden sofort instandgesetzt. Bei gr\u00f6\u00dferen Problemen arbeiten wir sehr eng mit vielen Partnerfirmen aus den verschiedensten Bereichen zusammen.<\/strong><\/p>\t\t\t\t\t\t\t\t<\/div>\n\t\t\t\t\t<\/div>\n\t\t<\/div>\n\t\t\t\t\t<\/div>\n\t\t<\/section>\n\t\t\t\t<section class=\"elementor-section elementor-top-section elementor-element elementor-element-0177ae3 elementor-section-boxed elementor-section-height-default elementor-section-height-default\" data-id=\"0177ae3\" data-element_type=\"section\" data-e-type=\"section\">\n\t\t\t\t\t\t<div class=\"elementor-container elementor-column-gap-default\">\n\t\t\t\t\t<div class=\"elementor-column elementor-col-100 elementor-top-column elementor-element elementor-element-1c7cae4\" data-id=\"1c7cae4\" data-element_type=\"column\" data-e-type=\"column\">\n\t\t\t<div class=\"elementor-widget-wrap elementor-element-populated\">\n\t\t\t\t\t\t<div class=\"elementor-element elementor-element-bbcda62 elementor-tabs-view-horizontal elementor-widget elementor-widget-tabs\" data-id=\"bbcda62\" data-element_type=\"widget\" data-e-type=\"widget\" data-widget_type=\"tabs.default\">\n\t\t\t\t\t\t\t<div class=\"elementor-tabs\">\n\t\t\t<div class=\"elementor-tabs-wrapper\" role=\"tablist\" >\n\t\t\t\t\t\t\t\t\t<div id=\"elementor-tab-title-1961\" class=\"elementor-tab-title elementor-tab-desktop-title\" aria-selected=\"true\" data-tab=\"1\" role=\"tab\" tabindex=\"0\" aria-controls=\"elementor-tab-content-1961\" aria-expanded=\"false\">Haustechnik<\/div>\n\t\t\t\t\t\t\t\t\t<div id=\"elementor-tab-title-1962\" class=\"elementor-tab-title elementor-tab-desktop-title\" aria-selected=\"false\" data-tab=\"2\" role=\"tab\" tabindex=\"-1\" aria-controls=\"elementor-tab-content-1962\" aria-expanded=\"false\">Haus-und B\u00fcroreinigung<\/div>\n\t\t\t\t\t\t\t\t\t<div id=\"elementor-tab-title-1963\" class=\"elementor-tab-title elementor-tab-desktop-title\" aria-selected=\"false\" data-tab=\"3\" role=\"tab\" tabindex=\"-1\" aria-controls=\"elementor-tab-content-1963\" aria-expanded=\"false\">Reparatur- und Instandhaltung<\/div>\n\t\t\t\t\t\t\t\t\t<div id=\"elementor-tab-title-1964\" class=\"elementor-tab-title elementor-tab-desktop-title\" aria-selected=\"false\" data-tab=\"4\" role=\"tab\" tabindex=\"-1\" aria-controls=\"elementor-tab-content-1964\" aria-expanded=\"false\">Winterdienst<\/div>\n\t\t\t\t\t\t\t<\/div>\n\t\t\t<div class=\"elementor-tabs-content-wrapper\" role=\"tablist\" aria-orientation=\"vertical\">\n\t\t\t\t\t\t\t\t\t<div class=\"elementor-tab-title elementor-tab-mobile-title\" aria-selected=\"true\" data-tab=\"1\" role=\"tab\" tabindex=\"0\" aria-controls=\"elementor-tab-content-1961\" aria-expanded=\"false\">Haustechnik<\/div>\n\t\t\t\t\t<div id=\"elementor-tab-content-1961\" class=\"elementor-tab-content elementor-clearfix\" data-tab=\"1\" role=\"tabpanel\" aria-labelledby=\"elementor-tab-title-1961\" tabindex=\"0\" hidden=\"false\"><div id=\"elementor-tab-content-3371\" class=\"elementor-tab-content elementor-clearfix elementor-active\" tabindex=\"0\" role=\"tabpanel\" data-tab=\"1\" aria-labelledby=\"elementor-tab-title-3371\"><p>\u00a0<\/p><p>\u00dcbersicht zur Hausmeistert\u00e4tigkeit und Haustechnik:<\/p><ul><li>Eigent\u00fcmer-und Anwohnerbetreuung vor Ort<\/li><li>Kontrollg\u00e4nge<\/li><li>\u00dcberwachung des Gesamtzustandes der Immobilie<\/li><li>\u00dcberwachung der haustechnischen Anlagen (Heizung, Aufzug, Parkplatz- und Tiefgaragen, elektrischen Tor- und Schrankenanlagen, Klimaanlagen, Geb\u00e4udeleittechniken, etc.)<\/li><li>Funktionskontrolle (Beleuchtung, T\u00fcroberschlie\u00dfer, T\u00fcrfeststeller etc.)<\/li><li>M\u00fclltonnenvollservice<\/li><li>Wohnungsabnahmen, -\u00fcbergaben<\/li><li>Partnerfirmen in den Bereichen: Elektro, Sanit\u00e4r, Heizung, Dachdecker, K\u00e4lte-Klima-L\u00fcftung, Glaser, Aufzug, Maler<\/li><\/ul><\/div><\/div>\n\t\t\t\t\t\t\t\t\t<div class=\"elementor-tab-title elementor-tab-mobile-title\" aria-selected=\"false\" data-tab=\"2\" role=\"tab\" tabindex=\"-1\" aria-controls=\"elementor-tab-content-1962\" aria-expanded=\"false\">Haus-und B\u00fcroreinigung<\/div>\n\t\t\t\t\t<div id=\"elementor-tab-content-1962\" class=\"elementor-tab-content elementor-clearfix\" data-tab=\"2\" role=\"tabpanel\" aria-labelledby=\"elementor-tab-title-1962\" tabindex=\"0\" hidden=\"hidden\"><div id=\"elementor-tab-content-3372\" class=\"elementor-tab-content elementor-clearfix elementor-active\" tabindex=\"0\" role=\"tabpanel\" data-tab=\"2\" aria-labelledby=\"elementor-tab-title-3372\"><p>\u00a0<\/p><p>Ob Treppenh\u00e4user, Keller, Speicher oder Tiefgaragen. Wir sorgen f\u00fcr ein angenehmes und sauberes \u201eAuftreten\u201c Ihrer Immobilie.<\/p><p>\u00dcbersicht zur Haus-und B\u00fcroreinigung:<\/p><ul><li>Treppenhausreinigung (kehren, wischen, saugen)<\/li><li>Flurreinigung (kehren, wischen, saugen)<\/li><li>Hauseingangst\u00fcr- und Fensterreinigung<\/li><li>Keller- und Speicherreinigung, allgemeine Fl\u00e4chen<\/li><li>Gel\u00e4nder- und Briefkastenreinigung<\/li><li>Innenraumpflege inkl. Sanit\u00e4ranlagen<\/li><li>Teppichbodenreinigung<\/li><\/ul><\/div><\/div>\n\t\t\t\t\t\t\t\t\t<div class=\"elementor-tab-title elementor-tab-mobile-title\" aria-selected=\"false\" data-tab=\"3\" role=\"tab\" tabindex=\"-1\" aria-controls=\"elementor-tab-content-1963\" aria-expanded=\"false\">Reparatur- und Instandhaltung<\/div>\n\t\t\t\t\t<div id=\"elementor-tab-content-1963\" class=\"elementor-tab-content elementor-clearfix\" data-tab=\"3\" role=\"tabpanel\" aria-labelledby=\"elementor-tab-title-1963\" tabindex=\"0\" hidden=\"hidden\"><div id=\"elementor-tab-content-3373\" class=\"elementor-tab-content elementor-clearfix elementor-active\" tabindex=\"0\" role=\"tabpanel\" data-tab=\"3\" aria-labelledby=\"elementor-tab-title-3373\"><p>\u00a0<\/p><p>Kleine Reparaturen und sofortige Instandsetzung geh\u00f6ren zur Komplettbetreuung Ihrer Immobilie dazu. Hierzu geh\u00f6ren diverse T\u00e4tigkeiten:<\/p><p>\u00dcbersicht zur Reparatur- und Instandsetzung:<\/p><ul><li>Entsorgungen<\/li><li>Entr\u00fcmpelungs- und R\u00e4umungsarbeiten<\/li><li>Tapezier- (Raufaser) und Streicharbeiten<\/li><li>Verlegung von Teppichb\u00f6den, Laminat, PVC-B\u00f6den etc.<\/li><li>Kleinreparaturen im Sanit\u00e4rbereich (Austausch von Sanit\u00e4rk\u00f6rpern, defekten Fliesen, Abfluss- und Siphonreinigung, Dichtungswechsel an Wasserarmaturen)<\/li><li>M\u00f6belmontage<\/li><\/ul><\/div><\/div>\n\t\t\t\t\t\t\t\t\t<div class=\"elementor-tab-title elementor-tab-mobile-title\" aria-selected=\"false\" data-tab=\"4\" role=\"tab\" tabindex=\"-1\" aria-controls=\"elementor-tab-content-1964\" aria-expanded=\"false\">Winterdienst<\/div>\n\t\t\t\t\t<div id=\"elementor-tab-content-1964\" class=\"elementor-tab-content elementor-clearfix\" data-tab=\"4\" role=\"tabpanel\" aria-labelledby=\"elementor-tab-title-1964\" tabindex=\"0\" hidden=\"hidden\"><div id=\"elementor-tab-content-3374\" class=\"elementor-tab-content elementor-clearfix elementor-active\" tabindex=\"0\" role=\"tabpanel\" data-tab=\"4\" aria-labelledby=\"elementor-tab-title-3374\"><p>\u00a0<\/p><p>Streu- und Winterdienst<\/p><p>Ob Schnee oder Eis, wir sorgen f\u00fcr Schneer\u00e4umung und Eisbeseitigung auf \u00f6ffentlichen Gehwegen, Einfahrten und Hoffl\u00e4chen ihrer Immobilie. Zu unseren Aufgaben geh\u00f6ren das R\u00e4umen und Streuen der Gehwege. Des Weiteren k\u00fcmmern wir uns um die Entleerung der Wasserleitungen an Leerobjekten und allg. Anschl\u00fcssen zur Hausau\u00dfenseite.<\/p><p>\u00a0\u00dcbersicht zum Winterdienst:<\/p><ul><li>Befreiung der Wege von Schnee und Eis<\/li><li>bei Bedarf Einsatz von Streugut (Salz)<\/li><\/ul><\/div><\/div>\n\t\t\t\t\t\t\t<\/div>\n\t\t<\/div>\n\t\t\t\t\t\t<\/div>\n\t\t\t\t<div class=\"elementor-element elementor-element-cd174db elementor-tabs-view-horizontal elementor-widget elementor-widget-tabs\" data-id=\"cd174db\" data-element_type=\"widget\" data-e-type=\"widget\" data-widget_type=\"tabs.default\">\n\t\t\t\t\t\t\t<div class=\"elementor-tabs\">\n\t\t\t<div class=\"elementor-tabs-wrapper\" role=\"tablist\" >\n\t\t\t\t\t\t\t\t\t<div id=\"elementor-tab-title-2151\" class=\"elementor-tab-title elementor-tab-desktop-title\" aria-selected=\"true\" data-tab=\"1\" role=\"tab\" tabindex=\"0\" aria-controls=\"elementor-tab-content-2151\" aria-expanded=\"false\">Garten und Au\u00dfenanlage<\/div>\n\t\t\t\t\t\t\t\t\t<div id=\"elementor-tab-title-2152\" class=\"elementor-tab-title elementor-tab-desktop-title\" aria-selected=\"false\" data-tab=\"2\" role=\"tab\" tabindex=\"-1\" aria-controls=\"elementor-tab-content-2152\" aria-expanded=\"false\">Umzug Service<\/div>\n\t\t\t\t\t\t\t<\/div>\n\t\t\t<div class=\"elementor-tabs-content-wrapper\" role=\"tablist\" aria-orientation=\"vertical\">\n\t\t\t\t\t\t\t\t\t<div class=\"elementor-tab-title elementor-tab-mobile-title\" aria-selected=\"true\" data-tab=\"1\" role=\"tab\" tabindex=\"0\" aria-controls=\"elementor-tab-content-2151\" aria-expanded=\"false\">Garten und Au\u00dfenanlage<\/div>\n\t\t\t\t\t<div id=\"elementor-tab-content-2151\" class=\"elementor-tab-content elementor-clearfix\" data-tab=\"1\" role=\"tabpanel\" aria-labelledby=\"elementor-tab-title-2151\" tabindex=\"0\" hidden=\"false\"><p>Der erste Eindruck z\u00e4hlt! Das Aush\u00e4ngeschild Ihrer Immobilie ist eine gepflegte Au\u00dfenanlage und schafft Vertrauen bei Anwohnern und Besuchern. \u00a0\u00a0\u00a0\u00a0\u00a0\u00a0\u00a0\u00a0\u00a0\u00a0\u00a0\u00a0\u00a0\u00a0\u00a0\u00a0\u00a0<\/p><div id=\"elementor-tab-content-2961\" class=\"elementor-tab-content elementor-clearfix elementor-active\" tabindex=\"0\" role=\"tabpanel\" data-tab=\"1\" aria-labelledby=\"elementor-tab-title-2961\"><p>\u00dcbersicht zur Au\u00dfenobjektpflege:<\/p><ul><li>\u00dcberwachung der Au\u00dfenanlagen<\/li><li>Rasen m\u00e4hen<\/li><li>Heckenschnitt, B\u00fcsche und kleine B\u00e4ume schneiden<\/li><li>Unkraut entfernen<\/li><li>Pflege von Pflanzfl\u00e4chen<\/li><li>Pflege Kinderspielplatz<\/li><li>Kehrdienst (Hof, Zufahrten, Parkpl\u00e4tze und Fu\u00dfwege)<\/li><li>Entfernung von Grobverschmutzung<\/li><li>S\u00e4uberung von Bodenrinnen und Wassereinl\u00e4ufe, Fu\u00dfroste<\/li><li>Pflege M\u00fclltonnenstellplatz<\/li><li>Leeren von Abfall- und Papierbeh\u00e4ltern<\/li><\/ul><\/div><\/div>\n\t\t\t\t\t\t\t\t\t<div class=\"elementor-tab-title elementor-tab-mobile-title\" aria-selected=\"false\" data-tab=\"2\" role=\"tab\" tabindex=\"-1\" aria-controls=\"elementor-tab-content-2152\" aria-expanded=\"false\">Umzug Service<\/div>\n\t\t\t\t\t<div id=\"elementor-tab-content-2152\" class=\"elementor-tab-content elementor-clearfix\" data-tab=\"2\" role=\"tabpanel\" aria-labelledby=\"elementor-tab-title-2152\" tabindex=\"0\" hidden=\"hidden\"><div id=\"elementor-tab-content-2962\" class=\"elementor-tab-content elementor-clearfix elementor-active\" tabindex=\"0\" role=\"tabpanel\" data-tab=\"2\" aria-labelledby=\"elementor-tab-title-2962\"><ul><li>Hilfe bei der Suche nach einem neuen Zuhause passende Anzeigen listen und die n\u00e4here Umgebung recherchieren,<\/li><li>Hilfe bei der Recherche und Abwicklung mit Serviceanbietern (Telefon und Internet, Strom, TV, etc)<\/li><li>Hilfe beim ein- und auspacken<\/li><li>Hilfe bei der Umzugs Planung<\/li><li>Organisation und Recherche von Umzugs Fachfirmen und des Transportes<\/li><li>Wichtige Firmen (Versicherungen, Banken, Versorgungs\u00e4mter, etc) \u00fcber Wohnungswechsel informieren<\/li><\/ul><\/div><\/div>\n\t\t\t\t\t\t\t<\/div>\n\t\t<\/div>\n\t\t\t\t\t\t<\/div>\n\t\t\t\t\t<\/div>\n\t\t<\/div>\n\t\t\t\t\t<\/div>\n\t\t<\/section>\n\t\t\t\t<section class=\"elementor-section elementor-top-section elementor-element elementor-element-95453ef elementor-section-boxed elementor-section-height-default elementor-section-height-default\" data-id=\"95453ef\" data-element_type=\"section\" data-e-type=\"section\">\n\t\t\t\t\t\t<div class=\"elementor-container elementor-column-gap-default\">\n\t\t\t\t\t<div class=\"elementor-column elementor-col-100 elementor-top-column elementor-element elementor-element-5d29d0d\" data-id=\"5d29d0d\" data-element_type=\"column\" data-e-type=\"column\">\n\t\t\t<div class=\"elementor-widget-wrap elementor-element-populated\">\n\t\t\t\t\t\t<div class=\"elementor-element elementor-element-a0d7c5a elementor-widget__width-auto elementor-widget elementor-widget-html\" data-id=\"a0d7c5a\" data-element_type=\"widget\" data-e-type=\"widget\" data-widget_type=\"html.default\">\n\t\t\t\t\t\n<!-- START ADVERTISER: MeisterBox DE from awin.com -->\n\n<a rel=\"sponsored\" href=\"https:\/\/www.awin1.com\/cread.php?s=3323360&v=43621&q=457167&r=1040345\">\n    <img decoding=\"async\" src=\"https:\/\/www.awin1.com\/cshow.php?s=3323360&v=43621&q=457167&r=1040345\" border=\"0\">\n<\/a>\n\n<!-- END ADVERTISER: MeisterBox DE from awin.com -->\n\n\n<!-- START ADVERTISER: Betreut DE from awin.com -->\n\n<a rel=\"sponsored\" href=\"https:\/\/www.awin1.com\/cread.php?s=2180385&v=10557&q=339268&r=1040345\">\n    <img decoding=\"async\" src=\"https:\/\/www.awin1.com\/cshow.php?s=2180385&v=10557&q=339268&r=1040345\" border=\"0\">\n<\/a>\n\n<!-- END ADVERTISER: Betreut DE from awin.com -->\n\n\t\t\t\t<\/div>\n\t\t\t\t\t<\/div>\n\t\t<\/div>\n\t\t\t\t\t<\/div>\n\t\t<\/section>\n\t\t\t\t<section class=\"elementor-section elementor-top-section elementor-element elementor-element-39f52f5 elementor-section-boxed elementor-section-height-default elementor-section-height-default\" data-id=\"39f52f5\" data-element_type=\"section\" data-e-type=\"section\">\n\t\t\t\t\t\t<div class=\"elementor-container elementor-column-gap-default\">\n\t\t\t\t\t<div class=\"elementor-column elementor-col-100 elementor-top-column elementor-element elementor-element-96fcf57\" data-id=\"96fcf57\" data-element_type=\"column\" data-e-type=\"column\">\n\t\t\t<div class=\"elementor-widget-wrap elementor-element-populated\">\n\t\t\t\t\t\t<div class=\"elementor-element elementor-element-ede5782 elementor-widget elementor-widget-heading\" data-id=\"ede5782\" data-element_type=\"widget\" data-e-type=\"widget\" data-widget_type=\"heading.default\">\n\t\t\t\t\t<h3 class=\"elementor-heading-title elementor-size-default\">Produkt Tips*<\/h3>\t\t\t\t<\/div>\n\t\t\t\t\t<\/div>\n\t\t<\/div>\n\t\t\t\t\t<\/div>\n\t\t<\/section>\n\t\t\t\t<section class=\"elementor-section elementor-top-section elementor-element elementor-element-b550975 elementor-section-boxed elementor-section-height-default elementor-section-height-default\" data-id=\"b550975\" data-element_type=\"section\" data-e-type=\"section\">\n\t\t\t\t\t\t<div class=\"elementor-container elementor-column-gap-default\">\n\t\t\t\t\t<div class=\"elementor-column elementor-col-33 elementor-top-column elementor-element elementor-element-ddff7f7\" data-id=\"ddff7f7\" data-element_type=\"column\" data-e-type=\"column\">\n\t\t\t<div class=\"elementor-widget-wrap elementor-element-populated\">\n\t\t\t\t\t\t<div class=\"elementor-element elementor-element-1ecd538 elementor-widget elementor-widget-html\" data-id=\"1ecd538\" data-element_type=\"widget\" data-e-type=\"widget\" data-widget_type=\"html.default\">\n\t\t\t\t\t<a href=\"https:\/\/t.adcell.com\/p\/click?encodingId=87a3606fb832c6c76cd549a896cfc6e2\" target=\"_blank\" >Schutz vor Wassersch\u00e4den<\/a><img decoding=\"async\" src=\"https:\/\/t.adcell.com\/p\/view?encodingId=87a3606fb832c6c76cd549a896cfc6e2\" border=\"0\" width=\"1\" height=\"1\" alt=\"\" \/>\t\t\t\t<\/div>\n\t\t\t\t<div class=\"elementor-element elementor-element-60bae3e elementor-widget elementor-widget-html\" data-id=\"60bae3e\" data-element_type=\"widget\" data-e-type=\"widget\" data-widget_type=\"html.default\">\n\t\t\t\t\t<a href=\"https:\/\/t.adcell.com\/p\/click?encodingId=51e1f4788fad851b4bd10c789d12d068\" target=\"_blank\" >Feuerl\u00f6scher f\u00fcr zuhause<\/a><img decoding=\"async\" src=\"https:\/\/t.adcell.com\/p\/view?encodingId=51e1f4788fad851b4bd10c789d12d068\" border=\"0\" width=\"1\" height=\"1\" alt=\"\" \/>\t\t\t\t<\/div>\n\t\t\t\t<div class=\"elementor-element elementor-element-b84f956 elementor-widget elementor-widget-html\" data-id=\"b84f956\" data-element_type=\"widget\" data-e-type=\"widget\" data-widget_type=\"html.default\">\n\t\t\t\t\t<a href=\"https:\/\/t.adcell.com\/p\/click?encodingId=ecc7d7c70aefdd9192a7cd3ed8b99491\" target=\"_blank\" >Rauchmelder zu g\u00fcnstigen Preisen vom Experten kaufen<\/a><img decoding=\"async\" src=\"https:\/\/t.adcell.com\/p\/view?encodingId=ecc7d7c70aefdd9192a7cd3ed8b99491\" border=\"0\" width=\"1\" height=\"1\" alt=\"\" \/>\t\t\t\t<\/div>\n\t\t\t\t\t<\/div>\n\t\t<\/div>\n\t\t\t\t<div class=\"elementor-column elementor-col-33 elementor-top-column elementor-element elementor-element-9560aa8\" data-id=\"9560aa8\" data-element_type=\"column\" data-e-type=\"column\">\n\t\t\t<div class=\"elementor-widget-wrap elementor-element-populated\">\n\t\t\t\t\t\t<div class=\"elementor-element elementor-element-54e632e elementor-widget elementor-widget-html\" data-id=\"54e632e\" data-element_type=\"widget\" data-e-type=\"widget\" data-widget_type=\"html.default\">\n\t\t\t\t\t<a href=\"https:\/\/t.adcell.com\/p\/click?encodingId=55577f11cf2462c8c9986d7decbf25c9\" target=\"_blank\" >Video\u00fcberwachung - WLAN, Tag\/Nacht, Mobil<\/a><img loading=\"lazy\" decoding=\"async\" src=\"https:\/\/t.adcell.com\/p\/view?encodingId=55577f11cf2462c8c9986d7decbf25c9\" border=\"0\" width=\"1\" height=\"1\" alt=\"\" \/>\t\t\t\t<\/div>\n\t\t\t\t<div class=\"elementor-element elementor-element-da69e96 elementor-widget elementor-widget-html\" data-id=\"da69e96\" data-element_type=\"widget\" data-e-type=\"widget\" data-widget_type=\"html.default\">\n\t\t\t\t\t<a href=\"https:\/\/t.adcell.com\/p\/click?encodingId=96dccae0ffea6170938d8eba0cc83931\" target=\"_blank\" >Sicherheitstechnik vom Testsieger - ABUS<\/a><img loading=\"lazy\" decoding=\"async\" src=\"https:\/\/t.adcell.com\/p\/view?encodingId=96dccae0ffea6170938d8eba0cc83931\" border=\"0\" width=\"1\" height=\"1\" alt=\"\" \/>\t\t\t\t<\/div>\n\t\t\t\t\t<\/div>\n\t\t<\/div>\n\t\t\t\t<div class=\"elementor-column elementor-col-33 elementor-top-column elementor-element elementor-element-a2a03d6\" data-id=\"a2a03d6\" data-element_type=\"column\" data-e-type=\"column\">\n\t\t\t<div class=\"elementor-widget-wrap elementor-element-populated\">\n\t\t\t\t\t\t<div class=\"elementor-element elementor-element-fbf5d27 elementor-widget elementor-widget-html\" data-id=\"fbf5d27\" data-element_type=\"widget\" data-e-type=\"widget\" data-widget_type=\"html.default\">\n\t\t\t\t\t<a href=\"https:\/\/t.adcell.com\/p\/click?encodingId=5e75c6e0c87d6ef303efc287f9a4825a\" target=\"_blank\" >Balkonkraftwerk jetzt konfigurieren<\/a><img loading=\"lazy\" decoding=\"async\" src=\"https:\/\/t.adcell.com\/p\/view?encodingId=5e75c6e0c87d6ef303efc287f9a4825a\" border=\"0\" width=\"1\" height=\"1\" alt=\"\" \/>\t\t\t\t<\/div>\n\t\t\t\t<div class=\"elementor-element elementor-element-e439022 elementor-widget elementor-widget-html\" data-id=\"e439022\" data-element_type=\"widget\" data-e-type=\"widget\" data-widget_type=\"html.default\">\n\t\t\t\t\t<a href=\"https:\/\/t.adcell.com\/p\/click?encodingId=b9637f13a815f2d274c25d28881e1b91\" target=\"_blank\" >Dein Balkonkraftwerk unter 300 \u20ac! \u2600\ufe0f\nBalkonkraftwerk Basic 1100\/800 bifazial \u2013 steckerfertig und jetzt f\u00fcr nur 299\u20ac statt 599\u20ac!<\/a><img loading=\"lazy\" decoding=\"async\" src=\"https:\/\/t.adcell.com\/p\/view?encodingId=b9637f13a815f2d274c25d28881e1b91\" border=\"0\" width=\"1\" height=\"1\" alt=\"\" \/>\t\t\t\t<\/div>\n\t\t\t\t\t<\/div>\n\t\t<\/div>\n\t\t\t\t\t<\/div>\n\t\t<\/section>\n\t\t\t\t<section class=\"elementor-section elementor-top-section elementor-element elementor-element-dd17c7c elementor-section-boxed elementor-section-height-default elementor-section-height-default\" data-id=\"dd17c7c\" data-element_type=\"section\" data-e-type=\"section\">\n\t\t\t\t\t\t<div class=\"elementor-container elementor-column-gap-default\">\n\t\t\t\t\t<div class=\"elementor-column elementor-col-33 elementor-top-column elementor-element elementor-element-27c6bb6\" data-id=\"27c6bb6\" data-element_type=\"column\" data-e-type=\"column\">\n\t\t\t<div class=\"elementor-widget-wrap\">\n\t\t\t\t\t\t\t<\/div>\n\t\t<\/div>\n\t\t\t\t<div class=\"elementor-column elementor-col-33 elementor-top-column elementor-element elementor-element-b5f89fa\" data-id=\"b5f89fa\" data-element_type=\"column\" data-e-type=\"column\">\n\t\t\t<div class=\"elementor-widget-wrap\">\n\t\t\t\t\t\t\t<\/div>\n\t\t<\/div>\n\t\t\t\t<div class=\"elementor-column elementor-col-33 elementor-top-column elementor-element elementor-element-cc212fb\" data-id=\"cc212fb\" data-element_type=\"column\" data-e-type=\"column\">\n\t\t\t<div class=\"elementor-widget-wrap\">\n\t\t\t\t\t\t\t<\/div>\n\t\t<\/div>\n\t\t\t\t\t<\/div>\n\t\t<\/section>\n\t\t\t\t<section class=\"elementor-section elementor-top-section elementor-element elementor-element-e2df980 elementor-section-boxed elementor-section-height-default elementor-section-height-default\" data-id=\"e2df980\" data-element_type=\"section\" data-e-type=\"section\">\n\t\t\t\t\t\t<div class=\"elementor-container elementor-column-gap-default\">\n\t\t\t\t\t<div class=\"elementor-column elementor-col-33 elementor-top-column elementor-element elementor-element-869ce7f\" data-id=\"869ce7f\" data-element_type=\"column\" data-e-type=\"column\">\n\t\t\t<div class=\"elementor-widget-wrap elementor-element-populated\">\n\t\t\t\t\t\t<div class=\"elementor-element elementor-element-0515754 elementor-widget elementor-widget-html\" data-id=\"0515754\" data-element_type=\"widget\" data-e-type=\"widget\" data-widget_type=\"html.default\">\n\t\t\t\t\t<a href=\"https:\/\/t.adcell.com\/p\/click?encodingId=550f3c10b9b40aa4c8b64794f0bcdbcd\" target=\"_blank\" >Die spielerisch einfache Art der Energieausweis-Erstellung.<\/a><img loading=\"lazy\" decoding=\"async\" src=\"https:\/\/t.adcell.com\/p\/view?encodingId=550f3c10b9b40aa4c8b64794f0bcdbcd\" border=\"0\" width=\"1\" height=\"1\" alt=\"\" \/>\t\t\t\t<\/div>\n\t\t\t\t\t<\/div>\n\t\t<\/div>\n\t\t\t\t<div class=\"elementor-column elementor-col-33 elementor-top-column elementor-element elementor-element-6235bec\" data-id=\"6235bec\" data-element_type=\"column\" data-e-type=\"column\">\n\t\t\t<div class=\"elementor-widget-wrap\">\n\t\t\t\t\t\t\t<\/div>\n\t\t<\/div>\n\t\t\t\t<div class=\"elementor-column elementor-col-33 elementor-top-column elementor-element elementor-element-43926bf\" data-id=\"43926bf\" data-element_type=\"column\" data-e-type=\"column\">\n\t\t\t<div class=\"elementor-widget-wrap\">\n\t\t\t\t\t\t\t<\/div>\n\t\t<\/div>\n\t\t\t\t\t<\/div>\n\t\t<\/section>\n\t\t\t\t<\/div>\n\t\t","protected":false},"excerpt":{"rendered":"<p>Als SD-Hausmeisterservice kontrollieren wir alle technischen Anlagen und leiten notwendige Informationen an Eigent\u00fcmer und Hausverwalter weiter. Kleine M\u00e4ngel an Haust\u00fcranlagen und Beleuchtung werden sofort instandgesetzt. Bei gr\u00f6\u00dferen Problemen arbeiten wir sehr eng mit vielen Partnerfirmen aus den verschiedensten Bereichen zusammen. Haustechnik Haus-und B\u00fcroreinigung Reparatur- und Instandhaltung Winterdienst Haustechnik \u00a0 \u00dcbersicht zur Hausmeistert\u00e4tigkeit und Haustechnik: Eigent\u00fcmer-und [&hellip;]<\/p>\n","protected":false},"author":2,"featured_media":0,"parent":0,"menu_order":0,"comment_status":"closed","ping_status":"closed","template":"","meta":{"footnotes":""},"class_list":["post-73","page","type-page","status-publish","hentry"],"_links":{"self":[{"href":"https:\/\/sd.sd-hausmeisterservice.de\/index.php?rest_route=\/wp\/v2\/pages\/73","targetHints":{"allow":["GET"]}}],"collection":[{"href":"https:\/\/sd.sd-hausmeisterservice.de\/index.php?rest_route=\/wp\/v2\/pages"}],"about":[{"href":"https:\/\/sd.sd-hausmeisterservice.de\/index.php?rest_route=\/wp\/v2\/types\/page"}],"author":[{"embeddable":true,"href":"https:\/\/sd.sd-hausmeisterservice.de\/index.php?rest_route=\/wp\/v2\/users\/2"}],"replies":[{"embeddable":true,"href":"https:\/\/sd.sd-hausmeisterservice.de\/index.php?rest_route=%2Fwp%2Fv2%2Fcomments&post=73"}],"version-history":[{"count":0,"href":"https:\/\/sd.sd-hausmeisterservice.de\/index.php?rest_route=\/wp\/v2\/pages\/73\/revisions"}],"wp:attachment":[{"href":"https:\/\/sd.sd-hausmeisterservice.de\/index.php?rest_route=%2Fwp%2Fv2%2Fmedia&parent=73"}],"curies":[{"name":"wp","href":"https:\/\/api.w.org\/{rel}","templated":true}]}}